{"id":2800,"date":"2025-12-13T14:04:12","date_gmt":"2025-12-13T11:04:12","guid":{"rendered":"https:\/\/rumblefishvietnam.com\/?post_type=product&#038;p=2800"},"modified":"2026-02-06T07:14:07","modified_gmt":"2026-02-06T04:14:07","slug":"discover-scuba-diving-private-pool-in-hcmc","status":"publish","type":"product","link":"https:\/\/rumblefishvietnam.com\/vi\/san-pham\/discover-scuba-diving-private-pool-in-hcmc\/","title":{"rendered":"Discover Scuba Diving (Private Pool in HCMC)"},"content":{"rendered":"<p>Ch\u01b0\u01a1ng tr\u00ecnh PADI Discover Scuba Diving \u0111\u01b0\u1ee3c thi\u1ebft k\u1ebf \u0111\u1ec3 b\u1ea1n tr\u1ea3i nghi\u1ec7m l\u1eb7n bi\u1ec3n m\u00e0 kh\u00f4ng c\u1ea7n b\u1ea5t k\u1ef3 kh\u00f3a \u0111\u00e0o t\u1ea1o n\u00e0o tr\u01b0\u1edbc \u0111\u00f3.<\/p>\n<p>M\u1ed9t c\u00e1ch an to\u00e0n, nhanh ch\u00f3ng, vui v\u1ebb v\u00e0 d\u1ec5 d\u00e0ng \u0111\u1ec3 th\u1eed l\u1eb7n bi\u1ec3n \u2013 r\u1ea5t th\u00edch h\u1ee3p cho m\u1ed9t ng\u00e0y tr\u1ea3i nghi\u1ec7m c\u00f9ng gia \u0111\u00ecnh t\u1ea1i S\u00e0i G\u00f2n.<\/p>\n<p>B\u1ea1n s\u1ebd \u0111\u01b0\u1ee3c h\u1ecdc nhanh m\u1ed9t s\u1ed1 k\u1ef9 n\u0103ng l\u1eb7n c\u01a1 b\u1ea3n c\u00f9ng Hu\u1ea5n luy\u1ec7n vi\u00ean PADI, c\u1ea3m nh\u1eadn c\u1ea3m gi\u00e1c th\u1edf d\u01b0\u1edbi n\u01b0\u1edbc v\u00e0 l\u01b0\u1edbt \u0111i nh\u1eb9 nh\u00e0ng trong l\u00e0n n\u01b0\u1edbc.<\/p>\n<p>B\u1ea1n th\u1eadm ch\u00ed c\u00f3 th\u1ec3 \u0111\u01b0\u1ee3c t\u00ednh t\u00edn ch\u1ec9 cho kh\u00f3a h\u1ecdc PADI Open Water Diver \u2013 ch\u1ec9 c\u1ea7n y\u00eau c\u1ea7u hu\u1ea5n luy\u1ec7n vi\u00ean x\u00e1c nh\u1eadn nh\u1eefng k\u1ef9 n\u0103ng b\u1ea1n \u0111\u00e3 ho\u00e0n th\u00e0nh!<\/p>\n<p>&nbsp;<\/p>\n<p>&nbsp;<\/p>","protected":false},"excerpt":{"rendered":"<p>C\u00e1ch d\u1ec5 nh\u1ea5t \u0111\u1ec3 tr\u1ea3i nghi\u1ec7m l\u1eb7n bi\u1ec3n, thu\u1eadn ti\u1ec7n c\u00f3 s\u1eb5n t\u1ea1i Th\u00e0nh ph\u1ed1 H\u1ed3 Ch\u00ed Minh.<\/p>","protected":false},"featured_media":2870,"comment_status":"open","ping_status":"closed","template":"","meta":[],"product_brand":[],"product_cat":[68,78,74],"product_tag":[],"class_list":{"0":"post-2800","1":"product","2":"type-product","3":"status-publish","4":"has-post-thumbnail","6":"product_cat-daily-diving","7":"product_cat-for-kids","8":"product_cat-start-diving","10":"first","11":"instock","12":"shipping-taxable","13":"purchasable","14":"product-type-simple"},"_links":{"self":[{"href":"https:\/\/rumblefishvietnam.com\/vi\/wp-json\/wp\/v2\/product\/2800","targetHints":{"allow":["GET"]}}],"collection":[{"href":"https:\/\/rumblefishvietnam.com\/vi\/wp-json\/wp\/v2\/product"}],"about":[{"href":"https:\/\/rumblefishvietnam.com\/vi\/wp-json\/wp\/v2\/types\/product"}],"replies":[{"embeddable":true,"href":"https:\/\/rumblefishvietnam.com\/vi\/wp-json\/wp\/v2\/comments?post=2800"}],"wp:featuredmedia":[{"embeddable":true,"href":"https:\/\/rumblefishvietnam.com\/vi\/wp-json\/wp\/v2\/media\/2870"}],"wp:attachment":[{"href":"https:\/\/rumblefishvietnam.com\/vi\/wp-json\/wp\/v2\/media?parent=2800"}],"wp:term":[{"taxonomy":"product_brand","embeddable":true,"href":"https:\/\/rumblefishvietnam.com\/vi\/wp-json\/wp\/v2\/product_brand?post=2800"},{"taxonomy":"product_cat","embeddable":true,"href":"https:\/\/rumblefishvietnam.com\/vi\/wp-json\/wp\/v2\/product_cat?post=2800"},{"taxonomy":"product_tag","embeddable":true,"href":"https:\/\/rumblefishvietnam.com\/vi\/wp-json\/wp\/v2\/product_tag?post=2800"}],"curies":[{"name":"wp","href":"https:\/\/api.w.org\/{rel}","templated":true}]}}