{"id":2652,"date":"2025-01-31T09:36:03","date_gmt":"2025-01-31T06:36:03","guid":{"rendered":"https:\/\/rumblefishvietnam.com\/?post_type=product&#038;p=2652"},"modified":"2025-01-31T09:40:01","modified_gmt":"2025-01-31T06:40:01","slug":"padi-mermaid-instructor","status":"publish","type":"product","link":"https:\/\/rumblefishvietnam.com\/vi\/san-pham\/padi-mermaid-instructor\/","title":{"rendered":"Gi\u00e1o vi\u00ean l\u1eb7n ti\u00ean c\u00e1 PADI"},"content":{"rendered":"<h5>Kho\u00e1 h\u1ecdc gi\u00e1o vi\u00ean l\u1eb7n ti\u00ean c\u00e1<\/h5>\n<p>Tr\u1edf th\u00e0nh Gi\u00e1o vi\u00ean l\u1eb7n ti\u00ean c\u00e1 chuy\u00ean nghi\u1ec7p c\u1ee7a PADI m\u1edf ra m\u1ed9t th\u1ebf gi\u1edbi ho\u00e0n to\u00e0n m\u1edbi tr\u00e0n \u0111\u1ea7y nh\u1eefng c\u01a1 h\u1ed9i h\u1ea5p d\u1eabn.<\/p>\n<p>B\u1ea1n s\u1eb5n s\u00e1ng tham gia v\u00e0o nh\u00f3m c\u00e1c gi\u00e1o vi\u00ean chuy\u00ean nghi\u1ec7p \u0111\u00e0o t\u1ea1o nh\u1eefng ch\u01b0\u01a1ng tr\u00ecnh gi\u00e1o d\u1ee5c l\u1eb7n ti\u00ean c\u00e1 ti\u00ean ti\u1ebfn nh\u1ea5t v\u00e0 n\u1ed5i ti\u1ebfng nh\u1ea5t th\u1ebf gi\u1edbi ch\u01b0a?<\/p>\n<h5>N\u1ed9i dung<\/h5>\n<ul>\n<li>Ho\u00e0n th\u00e0nh c\u00e1c l\u00fd thuy\u1ebft v\u1ec1 Kho\u00e1 h\u1ecdc Gi\u00e1o vi\u00ean l\u1eb7n ti\u00ean c\u00e1<\/li>\n<li>Ho\u00e0n th\u00e0nh b\u00e0i ki\u1ec3m tra Gi\u00e1o vi\u00ean l\u1eb7n ti\u00ean c\u00e1 v\u1edbi \u00edt nh\u1ea5t 75% \u0111\u00fang<\/li>\n<li>Tr\u00ecnh di\u1ec5n k\u1ef9 n\u0103ng l\u1eb7n ti\u00ean c\u00e1\n<ul>\n<li>K\u1ef9 thu\u1eadt th\u1edf khi l\u1eb7n<\/li>\n<li>L\u1eb7n c\u1eafm \u0111\u1ea7u xu\u1ed1ng \u1edf v\u1ecb tr\u00ed s\u00e2u h\u01a1i chi\u1ec1u cao c\u1ee7a ng\u01b0\u1eddi l\u1eb7n<\/li>\n<li>L\u1eb7n u\u1ed1n s\u00f3ng ki\u1ec3m so\u00e1t t\u1ed1t h\u01b0\u1edbng di chuy\u1ec3n<\/li>\n<li>Quay \u0111\u1ea7u ng\u1eeda ng\u01b0\u1eddi<\/li>\n<li>B\u1eaft tay d\u01b0\u1edbi n\u01b0\u1edbc (k\u1ebft h\u1ee3p v\u1edbi \u0111\u1ed3ng \u0111\u1ed9i)<\/li>\n<li>Th\u1ea3 bong b\u00f3ng ti\u00ean c\u00e1<\/li>\n<li>L\u1eb7n ng\u1eeda<\/li>\n<\/ul>\n<\/li>\n<li>Th\u1ef1c hi\u1ec7n k\u1ef9 n\u0103ng gi\u1ea3i c\u1ee9u v\u00e0 h\u1ed7 tr\u1ee3 tai n\u1ea1n:\n<ul>\n<li>K\u00e9o (ho\u1eb7c \u0111\u1ea9y) ng\u01b0\u1eddi l\u1eb7n 100m li\u00ean t\u1ee5c tr\u00ean m\u1eb7t n\u01b0\u1edbc s\u1eed d\u1ee5ng monofin (\u0111u\u00f4i c\u00e1)<\/li>\n<li>Th\u1ef1c hi\u1ec7n c\u1ee9u b\u1ea1n ng\u01b0\u1eddi l\u1eb7n ti\u00ean c\u00e1 b\u1ea5t t\u1ec9nh, kh\u00f4ng th\u1edf l\u00ean m\u1eb7t n\u01b0\u1edbc v\u00e0 k\u00e9o n\u1ea1n nh\u00e2n \u00edt nh\u1ea5t 50m c\u00f3 s\u1eed d\u1ee5ng monofin<\/li>\n<\/ul>\n<\/li>\n<li>Tr\u1ee3 gi\u1ea3ng cho l\u1edbp \u0111\u00e0o t\u1ea1o ti\u00ean c\u00e1<\/li>\n<\/ul>\n<h5>Gi\u00e1o vi\u00ean l\u1eb7n ti\u00ean c\u00e1 c\u1ee7a PADI c\u00f3 th\u1ec3 d\u1ea1y g\u00ec?<\/h5>\n<p>L\u00e0 gi\u00e1o vi\u00ean l\u1eb7n ti\u00ean c\u00e1 c\u1ee7a PADI th\u00ec b\u1ea1n c\u00f3 th\u1ec3 d\u1ea1y:<\/p>\n<ul>\n<li>Tr\u1ea3i nghi\u1ec7m l\u1eb7n ti\u00ean c\u00e1<img decoding=\"async\" class=\"lazyload alignnone size-full wp-image-2653\" src=\"https:\/\/rumblefishvietnam.com\/wp-content\/uploads\/2025\/01\/Screenshot-2025-01-31-at-13.23.39.png\" data-orig-src=\"https:\/\/rumblefishvietnam.com\/wp-content\/uploads\/2025\/01\/Screenshot-2025-01-31-at-13.23.39.png\" alt=\"\" width=\"1345\" height=\"749\" srcset=\"data:image\/svg+xml,%3Csvg%20xmlns%3D%27http%3A%2F%2Fwww.w3.org%2F2000%2Fsvg%27%20width%3D%271345%27%20height%3D%27749%27%20viewBox%3D%270%200%201345%20749%27%3E%3Crect%20width%3D%271345%27%20height%3D%27749%27%20fill-opacity%3D%220%22%2F%3E%3C%2Fsvg%3E\" data-srcset=\"https:\/\/rumblefishvietnam.com\/wp-content\/uploads\/2025\/01\/Screenshot-2025-01-31-at-13.23.39-18x10.png 18w, https:\/\/rumblefishvietnam.com\/wp-content\/uploads\/2025\/01\/Screenshot-2025-01-31-at-13.23.39-200x111.png 200w, https:\/\/rumblefishvietnam.com\/wp-content\/uploads\/2025\/01\/Screenshot-2025-01-31-at-13.23.39-300x167.png 300w, https:\/\/rumblefishvietnam.com\/wp-content\/uploads\/2025\/01\/Screenshot-2025-01-31-at-13.23.39-400x223.png 400w, https:\/\/rumblefishvietnam.com\/wp-content\/uploads\/2025\/01\/Screenshot-2025-01-31-at-13.23.39-500x278.png 500w, https:\/\/rumblefishvietnam.com\/wp-content\/uploads\/2025\/01\/Screenshot-2025-01-31-at-13.23.39-600x334.png 600w, https:\/\/rumblefishvietnam.com\/wp-content\/uploads\/2025\/01\/Screenshot-2025-01-31-at-13.23.39-700x390.png 700w, https:\/\/rumblefishvietnam.com\/wp-content\/uploads\/2025\/01\/Screenshot-2025-01-31-at-13.23.39-768x428.png 768w, https:\/\/rumblefishvietnam.com\/wp-content\/uploads\/2025\/01\/Screenshot-2025-01-31-at-13.23.39-800x446.png 800w, https:\/\/rumblefishvietnam.com\/wp-content\/uploads\/2025\/01\/Screenshot-2025-01-31-at-13.23.39-1024x570.png 1024w, https:\/\/rumblefishvietnam.com\/wp-content\/uploads\/2025\/01\/Screenshot-2025-01-31-at-13.23.39-1200x668.png 1200w, https:\/\/rumblefishvietnam.com\/wp-content\/uploads\/2025\/01\/Screenshot-2025-01-31-at-13.23.39.png 1345w\" data-sizes=\"auto\" data-orig-sizes=\"(max-width: 1345px) 100vw, 1345px\" \/><\/li>\n<li>L\u1eb7n ti\u00ean c\u00e1 c\u01a1 b\u1ea3n<\/li>\n<li>L\u1eb7n ti\u00ean c\u00e1 s\u01a1 c\u1ea5p<\/li>\n<li>L\u1eb7n ti\u00ean c\u00e1 n\u00e2ng cao<\/li>\n<\/ul>\n<p>&#8212;&#8212;&#8212;&#8212;&#8212;&#8212;&#8212;&#8212;&#8212;&#8212;&#8212;&#8212;&#8212;&#8212;&#8212;&#8212;&#8212;&#8212;&#8212;&#8212;&#8212;&#8212;&#8212;&#8212;&#8212;&#8212;&#8212;&#8212;&#8212;&#8212;&#8212;-<\/p>\n<h3>\u00a0N\u1ebfu b\u1ea1n KH\u00d4NG c\u00f3 kinh nghi\u1ec7m l\u1eb7n ti\u00ean c\u00e1 th\u00ec b\u1ea1n ph\u1ea3i\u00a0<em>NO\u00a0<\/em>Mermaid experience:<\/h3>\n<ul data-rte-list=\"default\">\n<li>\n<p class=\"\">Tham gia kho\u00e1 h\u1ecdc ti\u00ean c\u00e1 s\u01a1 c\u1ea5p v\u00e0 n\u00e2ng cao<\/p>\n<\/li>\n<li>\n<p class=\"\">18 tu\u1ed5i<\/p>\n<\/li>\n<li>\n<p class=\"\">C\u00f3 ch\u1ee9ng ch\u1ec9 s\u01a1 c\u1ea5p c\u1ee9u EFR h\u1ea1n trong v\u00f2ng 24 th\u00e1ng<\/p>\n<\/li>\n<li>\n<p class=\"\">Ho\u00e0n th\u00e0nh kho\u00e1 h\u1ecdc gi\u00e1o vi\u00ean l\u1eb7n ti\u00ean c\u00e1 PADI<\/p>\n<\/li>\n<\/ul>\n<h3>N\u1ebfu b\u1ea1n \u0111\u00e3 c\u00f3 b\u1eb1ng\u00a0<em>Ti\u00ean c\u00e1 s\u01a1 c\u1ea5p<\/em>:<\/h3>\n<ul data-rte-list=\"default\">\n<li>\n<p class=\"\">18 tu\u1ed5i<\/p>\n<\/li>\n<li>\n<p class=\"\">B\u1ea1n h\u1ecdc l\u00ean ti\u00ean c\u00e1 n\u00e2ng cao<\/p>\n<\/li>\n<li>\n<p class=\"\">C\u00f3 ch\u1ee9ng ch\u1ec9 s\u01a1 c\u1ea5p c\u1ee9u EFR h\u1ea1n trong v\u00f2ng 24 th\u00e1ng<\/p>\n<\/li>\n<li>\n<p class=\"\">Ho\u00e0n th\u00e0nh kho\u00e1 h\u1ecdc gi\u00e1o vi\u00ean l\u1eb7n ti\u00ean c\u00e1 PADI<\/p>\n<\/li>\n<\/ul>\n<h3>N\u1ebfu b\u1ea1n l\u00e0 gi\u00e1o vi\u00ean l\u1eb7n t\u1ef1 do PADI<\/h3>\n<ul data-rte-list=\"default\">\n<li>\n<p class=\"\">18 tu\u1ed5i<\/p>\n<\/li>\n<li>\n<p class=\"\">B\u1ea1n h\u1ecdc l\u00ean ti\u00ean c\u00e1 n\u00e2ng cao<\/p>\n<\/li>\n<li>\n<p class=\"\">C\u00f3 ch\u1ee9ng ch\u1ec9 s\u01a1 c\u1ea5p c\u1ee9u EFR h\u1ea1n trong v\u00f2ng 24 th\u00e1ng<\/p>\n<\/li>\n<li>\n<p class=\"\">c\u00f3 ch\u1ee9ng nh\u1eadn s\u1ee9c kho\u1ebb c\u1ee7a b\u00e1c s\u0129 trong v\u00f2ng 12 th\u00e1ng<\/p>\n<\/li>\n<\/ul>\n<h3>N\u1ebfu b\u1ea1n l\u00e0 gi\u00e1o vi\u00ean l\u1eb7n b\u00ecnh kh\u00ed scuba<\/h3>\n<ul data-rte-list=\"default\">\n<li>\n<p class=\"\">B\u1ea1n c\u1ea7n ho\u00e0n th\u00e0nh kho\u00e1 ti\u00ean c\u00e1 s\u01a1 c\u1ea5p v\u00e0 n\u00e2ng cao<\/p>\n<\/li>\n<li>\n<p class=\"\">Ho\u00e0n th\u00e0nh kho\u00e1 h\u1ecdc gi\u00e1o vi\u00ean l\u1eb7n ti\u00ean c\u00e1 PADI<\/p>\n<\/li>\n<\/ul>\n<p class=\"\">M\u1ecdi th\u1eafc m\u1eafc li\u00ean quan t\u1edbi kho\u00e1 h\u1ecdc Gi\u00e1o vi\u00ean l\u1eb7n ti\u00ean c\u00e1, ch\u00fang t\u00f4i xin s\u1eb5n l\u00f2ng gi\u1ea3i \u0111\u00e1p v\u00e0 t\u01b0 v\u1ea5n chi ti\u1ebft gi\u00fap b\u1ea1n ph\u00e1t tri\u1ec3n ngh\u1ec1 nghi\u1ec7p th\u00e0nh c\u00f4ng.<\/p>","protected":false},"excerpt":{"rendered":"<p>Whether you&#8217;re just starting out, an aspiring mermaid ready to make it a career, or a seasoned professional seeking to enhance your mermaid venture, becoming a PADI Mermaid Instructor can unlock countless opportunities.<\/p>","protected":false},"featured_media":2654,"comment_status":"open","ping_status":"closed","template":"","meta":[],"product_brand":[],"product_cat":[79,82,67],"product_tag":[28,66],"class_list":{"0":"post-2652","1":"product","2":"type-product","3":"status-publish","4":"has-post-thumbnail","6":"product_cat-ho-chi-minh","7":"product_cat-mermaid","8":"product_cat-pro","9":"product_tag-4-days","10":"product_tag-pro","12":"first","13":"instock","14":"shipping-taxable","15":"purchasable","16":"product-type-simple"},"_links":{"self":[{"href":"https:\/\/rumblefishvietnam.com\/vi\/wp-json\/wp\/v2\/product\/2652","targetHints":{"allow":["GET"]}}],"collection":[{"href":"https:\/\/rumblefishvietnam.com\/vi\/wp-json\/wp\/v2\/product"}],"about":[{"href":"https:\/\/rumblefishvietnam.com\/vi\/wp-json\/wp\/v2\/types\/product"}],"replies":[{"embeddable":true,"href":"https:\/\/rumblefishvietnam.com\/vi\/wp-json\/wp\/v2\/comments?post=2652"}],"wp:featuredmedia":[{"embeddable":true,"href":"https:\/\/rumblefishvietnam.com\/vi\/wp-json\/wp\/v2\/media\/2654"}],"wp:attachment":[{"href":"https:\/\/rumblefishvietnam.com\/vi\/wp-json\/wp\/v2\/media?parent=2652"}],"wp:term":[{"taxonomy":"product_brand","embeddable":true,"href":"https:\/\/rumblefishvietnam.com\/vi\/wp-json\/wp\/v2\/product_brand?post=2652"},{"taxonomy":"product_cat","embeddable":true,"href":"https:\/\/rumblefishvietnam.com\/vi\/wp-json\/wp\/v2\/product_cat?post=2652"},{"taxonomy":"product_tag","embeddable":true,"href":"https:\/\/rumblefishvietnam.com\/vi\/wp-json\/wp\/v2\/product_tag?post=2652"}],"curies":[{"name":"wp","href":"https:\/\/api.w.org\/{rel}","templated":true}]}}