{"id":2647,"date":"2024-11-28T06:39:49","date_gmt":"2024-11-28T03:39:49","guid":{"rendered":"https:\/\/rumblefishvietnam.com\/?post_type=product&#038;p=2647"},"modified":"2024-11-28T06:39:49","modified_gmt":"2024-11-28T03:39:49","slug":"padi-freediver-instructor-course-for-padi-scuba-instructors","status":"publish","type":"product","link":"https:\/\/rumblefishvietnam.com\/vi\/san-pham\/padi-freediver-instructor-course-for-padi-scuba-instructors\/","title":{"rendered":"PADI Freediver Instructor Course for PADI Scuba Instructors"},"content":{"rendered":"<p>(*) The course duration may vary depending on the candidate\u2019s performance<\/p>\n<p><strong>Week 1: Freediver and Advanced Freediver Courses (6 Days)<\/strong><\/p>\n<p><strong>Freediver Course<\/strong><\/p>\n<p><strong>Day 1: Classroom and Confined Water Sessions<\/strong><\/p>\n<ul>\n<li>Introduction to Freediving: Techniques, Physiology, and Safety<\/li>\n<li>Static Apnea Training in Pool<\/li>\n<li>Dynamic Apnea Training in Pool<\/li>\n<\/ul>\n<p><strong>Day 2: Open Water Sessions<\/strong><\/p>\n<ul>\n<li>Free Immersion Techniques<\/li>\n<li>Constant Weight Freediving Practices<\/li>\n<li>Rescue and Safety Drills<\/li>\n<\/ul>\n<p><strong>Advanced Freediver Course<\/strong><\/p>\n<p><strong>Day 3: Classroom and Confined Water Sessions<\/strong><\/p>\n<ul>\n<li>Advanced Freediving Physiology and Techniques<\/li>\n<li>Practicing Advanced Static and Dynamic Apnea<\/li>\n<\/ul>\n<p><strong>Day 4: Open Water Sessions<\/strong><\/p>\n<ul>\n<li>Advanced Free Immersion and Constant Weight Techniques<\/li>\n<li>Deep Freediving Practices<\/li>\n<li>Advanced Rescue and Safety Drills<\/li>\n<\/ul>\n<p><strong>Day 5-6: Rest and Self-Study<\/strong><\/p>\n<ul>\n<li>Rest Days for Recovery<\/li>\n<li>Self-Study: Review Course Materials and Prepare for Instructor Training<\/li>\n<\/ul>\n<p>&#8212;&#8212;&#8212;&#8212;&#8212;&#8212;&#8212;&#8212;&#8212;&#8212;&#8212;&#8212;&#8212;&#8212;&#8212;&#8212;&#8212;&#8212;&#8212;&#8212;&#8212;-<\/p>\n<p><strong>Week 2: Freediver Instructor Course (4 Days)<\/strong><\/p>\n<p><strong>Day <\/strong><strong>1<\/strong><\/p>\n<p><u>Morning<\/u><\/p>\n<ul>\n<li>Course Orientation<\/li>\n<li>H\u1ecdc v\u00e0 d\u1ea1y l\u1eb7n t\u1ef1 do<\/li>\n<li>PADI Freediver Course\n<ul>\n<li>Overview and Standards<\/li>\n<\/ul>\n<\/li>\n<\/ul>\n<p><u>Afternoon<\/u><\/p>\n<ul>\n<li>Gi\u1ea3ng d\u1ea1y k\u1ef9 n\u0103ng v\u00e0 gi\u00e1m s\u00e1t ng\u01b0\u1eddi l\u1eb7n\n<ul>\n<li>Confined Water Workshop 1<\/li>\n<li>Confined Water Workshop 2<\/li>\n<\/ul>\n<\/li>\n<\/ul>\n<p><strong>Day <\/strong><strong>2<\/strong><\/p>\n<p><u>Morning<\/u><\/p>\n<ul>\n<li>Sinh l\u00fd v\u00e0 t\u00e2m l\u00fd l\u1eb7n t\u1ef1 do<\/li>\n<li>Gi\u1ea3ng d\u1ea1y k\u1ef9 n\u0103ng v\u00e0 gi\u00e1m s\u00e1t ng\u01b0\u1eddi l\u1eb7n\n<ul>\n<li>Confined Water Workshop 3<\/li>\n<\/ul>\n<\/li>\n<\/ul>\n<p><u>Afternoon<\/u><\/p>\n<ul>\n<li>Gi\u1ea3ng d\u1ea1y k\u1ef9 n\u0103ng v\u00e0 gi\u00e1m s\u00e1t ng\u01b0\u1eddi l\u1eb7n\n<ul>\n<li>Open Water Workshop 1<\/li>\n<\/ul>\n<\/li>\n<\/ul>\n<p><strong>Day <\/strong><strong>3<\/strong><\/p>\n<p><u>Morning<\/u><\/p>\n<ul>\n<li>Qu\u1ea3n l\u00fd an to\u00e0n v\u00e0 r\u1ee7i ro<\/li>\n<li>Care for the Environment<\/li>\n<li>T\u1ed5 ch\u1ee9c v\u00e0 qu\u1ea3ng c\u00e1o vi\u1ec7c l\u1eb7n t\u1ef1 do<\/li>\n<\/ul>\n<p><u>Afternoon<\/u><\/p>\n<ul>\n<li>Gi\u1ea3ng d\u1ea1y k\u1ef9 n\u0103ng v\u00e0 gi\u00e1m s\u00e1t ng\u01b0\u1eddi l\u1eb7n\n<ul>\n<li>Open Water Workshop 2<\/li>\n<\/ul>\n<\/li>\n<\/ul>\n<p><strong>Day <\/strong><strong>4<\/strong><\/p>\n<p><u>Morning<\/u><\/p>\n<ul>\n<li>Gi\u1ea3ng d\u1ea1y k\u1ef9 n\u0103ng v\u00e0 gi\u00e1m s\u00e1t ng\u01b0\u1eddi l\u1eb7n\n<ul>\n<li>Open Water Workshop 3<\/li>\n<li>Rescue Evaluation<\/li>\n<\/ul>\n<\/li>\n<\/ul>\n<p><u>Afternoon<\/u><\/p>\n<ul>\n<li>PADI Freediver Instructor Exam<\/li>\n<\/ul>","protected":false},"excerpt":{"rendered":"<p>Zero to Hero\u00a0program is designed to be efficient, maximizing learning and practice time to ensure <span style=\"text-decoration: underline;\"><strong>PADI Scuba Instructors<\/strong><\/span> can smoothly transition to <strong><span style=\"text-decoration: underline;\">becoming PADI Freediver Instructors<\/span><\/strong><\/p>","protected":false},"featured_media":2648,"comment_status":"open","ping_status":"closed","template":"","meta":[],"product_brand":[],"product_cat":[81,79,67],"product_tag":[],"class_list":{"0":"post-2647","1":"product","2":"type-product","3":"status-publish","4":"has-post-thumbnail","6":"product_cat-freediving","7":"product_cat-ho-chi-minh","8":"product_cat-pro","10":"first","11":"instock","12":"shipping-taxable","13":"purchasable","14":"product-type-simple"},"_links":{"self":[{"href":"https:\/\/rumblefishvietnam.com\/vi\/wp-json\/wp\/v2\/product\/2647","targetHints":{"allow":["GET"]}}],"collection":[{"href":"https:\/\/rumblefishvietnam.com\/vi\/wp-json\/wp\/v2\/product"}],"about":[{"href":"https:\/\/rumblefishvietnam.com\/vi\/wp-json\/wp\/v2\/types\/product"}],"replies":[{"embeddable":true,"href":"https:\/\/rumblefishvietnam.com\/vi\/wp-json\/wp\/v2\/comments?post=2647"}],"wp:featuredmedia":[{"embeddable":true,"href":"https:\/\/rumblefishvietnam.com\/vi\/wp-json\/wp\/v2\/media\/2648"}],"wp:attachment":[{"href":"https:\/\/rumblefishvietnam.com\/vi\/wp-json\/wp\/v2\/media?parent=2647"}],"wp:term":[{"taxonomy":"product_brand","embeddable":true,"href":"https:\/\/rumblefishvietnam.com\/vi\/wp-json\/wp\/v2\/product_brand?post=2647"},{"taxonomy":"product_cat","embeddable":true,"href":"https:\/\/rumblefishvietnam.com\/vi\/wp-json\/wp\/v2\/product_cat?post=2647"},{"taxonomy":"product_tag","embeddable":true,"href":"https:\/\/rumblefishvietnam.com\/vi\/wp-json\/wp\/v2\/product_tag?post=2647"}],"curies":[{"name":"wp","href":"https:\/\/api.w.org\/{rel}","templated":true}]}}