{"id":2605,"date":"2024-11-10T13:33:58","date_gmt":"2024-11-10T10:33:58","guid":{"rendered":"https:\/\/rumblefishvietnam.com\/?post_type=product&#038;p=2605"},"modified":"2024-11-18T08:21:20","modified_gmt":"2024-11-18T05:21:20","slug":"padi-freediver-instructor","status":"publish","type":"product","link":"https:\/\/rumblefishvietnam.com\/vi\/san-pham\/padi-freediver-instructor\/","title":{"rendered":"Gi\u00e1o vi\u00ean L\u1eb7n t\u1ef1 do PADI"},"content":{"rendered":"<h2 class=\"mt-2 font-bold tracking-tight text-gray-900 text-3xl lg:text-4xl\">V\u1ec1 Kho\u00e1 H\u1ecdc<\/h2>\n<div class=\"mt-6 text-lg leading-8 text-gray-600\">\n<div class=\"prose max-w-full\">\n<div>\n<p>B\u1ea1n \u0111am m\u00ea l\u1eb7n t\u1ef1 do, b\u1ea1n lu\u00f4n ngh\u0129 v\u1ec1 l\u1eb7n t\u1ef1 do, b\u1ea1n th\u00edch n\u00f3i v\u1ec1 l\u1eb7n t\u1ef1 do v\u00e0 th\u01b0\u1eddng xuy\u00ean chia s\u1ebb v\u1ec1 nh\u1eefng chuy\u1ebfn phi\u00eau l\u01b0u l\u1eb7n c\u1ee7a m\u00ecnh. H\u00e3y tr\u1edf th\u00e0nh m\u1ed9t gi\u00e1o vi\u00ean l\u1eb7n t\u1ef1 do \u0111\u1ec3 bi\u1ebfn \u0111am m\u00ea \u0111\u1ed1i v\u1edbi l\u1eb7n t\u1ef1 do l\u00ean m\u1ed9t t\u1ea7m cao m\u1edbi v\u00e0 bi\u1ebfn \u0111\u00f3 th\u00e0nh ngh\u1ec1 nghi\u1ec7p m\u00e0 m\u00ecnh th\u00edch. Tr\u1edf th\u00e0nh gi\u00e1o vi\u00ean l\u1eb7n t\u1ef1 do PADI l\u00e0 c\u01a1 h\u1ed9i \u0111\u1ec3 b\u1ea1n chia s\u1ebb nh\u1eefng hi\u1ec3u bi\u1ebft qu\u00fd b\u00e1u v\u1ec1 th\u1ebf gi\u1edbi d\u01b0\u1edbi n\u01b0\u1edbc v\u1edbi m\u1ecdi ng\u01b0\u1eddi, l\u00e0m gi\u00e0u cho cu\u1ed9c s\u1ed1ng c\u1ee7a h\u1ecd v\u00e0 cho ch\u00ednh b\u1ea1n.<\/p>\n<p><img decoding=\"async\" class=\"lazyload aligncenter wp-image-2606 size-large\" src=\"https:\/\/rumblefishvietnam.com\/wp-content\/uploads\/2024\/11\/Freediver_Flowcharts_EN_v1.01_Main_Horizontal-1024x618.png\" data-orig-src=\"https:\/\/rumblefishvietnam.com\/wp-content\/uploads\/2024\/11\/Freediver_Flowcharts_EN_v1.01_Main_Horizontal-1024x618.png\" alt=\"\" width=\"1024\" height=\"618\" srcset=\"data:image\/svg+xml,%3Csvg%20xmlns%3D%27http%3A%2F%2Fwww.w3.org%2F2000%2Fsvg%27%20width%3D%271024%27%20height%3D%27618%27%20viewBox%3D%270%200%201024%20618%27%3E%3Crect%20width%3D%271024%27%20height%3D%27618%27%20fill-opacity%3D%220%22%2F%3E%3C%2Fsvg%3E\" data-srcset=\"https:\/\/rumblefishvietnam.com\/wp-content\/uploads\/2024\/11\/Freediver_Flowcharts_EN_v1.01_Main_Horizontal-18x12.png 18w, https:\/\/rumblefishvietnam.com\/wp-content\/uploads\/2024\/11\/Freediver_Flowcharts_EN_v1.01_Main_Horizontal-200x121.png 200w, https:\/\/rumblefishvietnam.com\/wp-content\/uploads\/2024\/11\/Freediver_Flowcharts_EN_v1.01_Main_Horizontal-300x181.png 300w, https:\/\/rumblefishvietnam.com\/wp-content\/uploads\/2024\/11\/Freediver_Flowcharts_EN_v1.01_Main_Horizontal-400x241.png 400w, https:\/\/rumblefishvietnam.com\/wp-content\/uploads\/2024\/11\/Freediver_Flowcharts_EN_v1.01_Main_Horizontal-500x302.png 500w, https:\/\/rumblefishvietnam.com\/wp-content\/uploads\/2024\/11\/Freediver_Flowcharts_EN_v1.01_Main_Horizontal-600x362.png 600w, https:\/\/rumblefishvietnam.com\/wp-content\/uploads\/2024\/11\/Freediver_Flowcharts_EN_v1.01_Main_Horizontal-700x422.png 700w, https:\/\/rumblefishvietnam.com\/wp-content\/uploads\/2024\/11\/Freediver_Flowcharts_EN_v1.01_Main_Horizontal-768x463.png 768w, https:\/\/rumblefishvietnam.com\/wp-content\/uploads\/2024\/11\/Freediver_Flowcharts_EN_v1.01_Main_Horizontal-800x483.png 800w, https:\/\/rumblefishvietnam.com\/wp-content\/uploads\/2024\/11\/Freediver_Flowcharts_EN_v1.01_Main_Horizontal-1024x618.png 1024w, https:\/\/rumblefishvietnam.com\/wp-content\/uploads\/2024\/11\/Freediver_Flowcharts_EN_v1.01_Main_Horizontal-1200x724.png 1200w, https:\/\/rumblefishvietnam.com\/wp-content\/uploads\/2024\/11\/Freediver_Flowcharts_EN_v1.01_Main_Horizontal-1536x926.png 1536w\" data-sizes=\"auto\" data-orig-sizes=\"(max-width: 1024px) 100vw, 1024px\" \/><\/p>\n<p>.<\/p>\n<p><strong>\u0110\u1ec3 tham gia kho\u00e1 h\u1ecdc, b\u1ea1n c\u1ea7n:<\/strong><\/p>\n<p>\u1ee8ng c\u1eed vi\u00ean #1:<\/p>\n<ul>\n<li>\u0111\u1ee7 18 tu\u1ed5i<\/li>\n<li>c\u00f3 ch\u1ee9ng ch\u1ec9 <strong>PADI Master Freediver<\/strong> (ho\u1eb7c t\u01b0\u01a1ng \u0111\u01b0\u01a1ng)<\/li>\n<li>ho\u00e0n th\u00e0nh kho\u00e1 h\u1ecdc S\u01a1 c\u1ea5p c\u1ee9u EFR trong v\u00f2ng 24 th\u00e1ng<\/li>\n<li>c\u00f3 <a title=\"Freediver Medical History Form PDF\" href=\"https:\/\/www.padi.com\/sites\/default\/files\/documents\/padi-courses\/10613_freedivermedicalhistory_v100.pdf\" target=\"_blank\" rel=\"noopener\">ch\u1ee9ng nh\u1eadn s\u1ee9c kho\u1ebb<\/a>\u00a0c\u1ee7a b\u00e1c s\u0129 trong v\u00f2ng 12 th\u00e1ng<\/li>\n<\/ul>\n<p>\u1ee8ng c\u1eed vi\u00ean #2:<\/p>\n<ul>\n<li>L\u00e0 gi\u00e1o vi\u00ean l\u1eb7n b\u00ecnh kh\u00ed c\u1ee7a PADI (ho\u1eb7c cao h\u01a1n)<\/li>\n<li>c\u00f3 ch\u1ee9ng ch\u1ec9 PADI Advanced Freediver<\/li>\n<li>L\u00e0 gi\u00e1o vi\u00ean d\u1ea1y s\u01a1 c\u1ea5p c\u1ee9u EFR<\/li>\n<li>c\u00f3 ch\u1ee9ng nh\u1eadn s\u1ee9c kho\u1ebb c\u1ee7a b\u00e1c s\u0129 trong v\u00f2ng 12 th\u00e1ng<\/li>\n<\/ul>\n<\/div>\n<h4 class=\"mt-20 text-3xl font-bold tracking-tight\">N\u1ed9i dung h\u1ecdc<\/h4>\n<div class=\"prose mt-6 text-base leading-8\">\n<p>Kho\u00e1 h\u1ecdc Gi\u00e1o vi\u00ean L\u1eb7n t\u1ef1 do c\u1ee7a PADI g\u1ed3m ph\u1ea7n h\u1ecdc tr\u00ean l\u1edbp, h\u1ed3 b\u01a1i v\u00e0 ngo\u00e0i t\u1ef1 nhi\u00ean theo c\u00e1c n\u1ed9i dung:<\/p>\n<ul>\n<li>Ti\u00eau chu\u1ea9n v\u00e0 quy tr\u00ecnh c\u1ee7a kho\u00e1 h\u1ecdc Freediver PADI<\/li>\n<li>H\u1ecdc v\u00e0 d\u1ea1y l\u1eb7n t\u1ef1 do<\/li>\n<li>Gi\u1ea3ng d\u1ea1y k\u1ef9 n\u0103ng v\u00e0 gi\u00e1m s\u00e1t ng\u01b0\u1eddi l\u1eb7n<\/li>\n<li>Qu\u1ea3n l\u00fd an to\u00e0n v\u00e0 r\u1ee7i ro<\/li>\n<li>Sinh l\u00fd v\u00e0 t\u00e2m l\u00fd l\u1eb7n t\u1ef1 do<\/li>\n<li>T\u1ed5 ch\u1ee9c v\u00e0 qu\u1ea3ng c\u00e1o vi\u1ec7c l\u1eb7n t\u1ef1 do<\/li>\n<li>Ch\u0103m s\u00f3c m\u00f4i tr\u01b0\u1eddng<\/li>\n<\/ul>\n<p><strong><span class=\"wixui-rich-text__text\">Ho\u00e0n th\u00e0nh B\u00e0i thi Gi\u00e1o vi\u00ean PADI (75%)<\/span><\/strong><\/p>\n<\/div>\n<p>H\u1ecdc vi\u00ean c\u1ea7n t\u1ef1 chu\u1ea9n b\u1ecb c\u00e1c t\u00e0i li\u1ec7u sau:<\/p>\n<ul>\n<li><span lang=\"EN-US\">Th\u1ebb gi\u1ea3ng b\u00e0i c\u1ee7a Gi\u00e1o vi\u00ean l\u1eb7n t\u1ef1 do PADI (*)<\/span><\/li>\n<li><u><\/u><span lang=\"EN-US\">PADI Freediver eLearning<\/span><\/li>\n<li><u><\/u>Thi\u1ebft b\u1ecb l\u1eb7n t\u1ef1 do:<span lang=\"EN-US\">m\u1eb7t n\u1ea1, \u1ed1ng th\u1edf, ch\u00e2n v\u1ecbt, \u00e1o l\u1eb7n,<\/span>\u0111ai ch\u00ec, d\u00e2y an to\u00e0n, <u><\/u><span lang=\"EN-US\">\u0111\u1ed3ng h\u1ed3 l\u1eb7n t\u1ef1 do<\/span><\/li>\n<\/ul>\n<\/div>\n<\/div>","protected":false},"excerpt":{"rendered":"<p>Become an instructor with the world\u2019s largest diving association!<\/p>","protected":false},"featured_media":2607,"comment_status":"open","ping_status":"closed","template":"","meta":[],"product_brand":[],"product_cat":[81,79,55,67],"product_tag":[29,66],"class_list":{"0":"post-2605","1":"product","2":"type-product","3":"status-publish","4":"has-post-thumbnail","6":"product_cat-freediving","7":"product_cat-ho-chi-minh","8":"product_cat-nha-trang","9":"product_cat-pro","10":"product_tag-8-days","11":"product_tag-pro","13":"first","14":"instock","15":"shipping-taxable","16":"purchasable","17":"product-type-simple"},"_links":{"self":[{"href":"https:\/\/rumblefishvietnam.com\/vi\/wp-json\/wp\/v2\/product\/2605","targetHints":{"allow":["GET"]}}],"collection":[{"href":"https:\/\/rumblefishvietnam.com\/vi\/wp-json\/wp\/v2\/product"}],"about":[{"href":"https:\/\/rumblefishvietnam.com\/vi\/wp-json\/wp\/v2\/types\/product"}],"replies":[{"embeddable":true,"href":"https:\/\/rumblefishvietnam.com\/vi\/wp-json\/wp\/v2\/comments?post=2605"}],"wp:featuredmedia":[{"embeddable":true,"href":"https:\/\/rumblefishvietnam.com\/vi\/wp-json\/wp\/v2\/media\/2607"}],"wp:attachment":[{"href":"https:\/\/rumblefishvietnam.com\/vi\/wp-json\/wp\/v2\/media?parent=2605"}],"wp:term":[{"taxonomy":"product_brand","embeddable":true,"href":"https:\/\/rumblefishvietnam.com\/vi\/wp-json\/wp\/v2\/product_brand?post=2605"},{"taxonomy":"product_cat","embeddable":true,"href":"https:\/\/rumblefishvietnam.com\/vi\/wp-json\/wp\/v2\/product_cat?post=2605"},{"taxonomy":"product_tag","embeddable":true,"href":"https:\/\/rumblefishvietnam.com\/vi\/wp-json\/wp\/v2\/product_tag?post=2605"}],"curies":[{"name":"wp","href":"https:\/\/api.w.org\/{rel}","templated":true}]}}