{"id":2452,"date":"2024-07-04T19:54:01","date_gmt":"2024-07-04T16:54:01","guid":{"rendered":"https:\/\/rumblefishvietnam.com\/?post_type=product&#038;p=2452"},"modified":"2025-04-01T19:13:25","modified_gmt":"2025-04-01T16:13:25","slug":"padi-advanced-mermaid","status":"publish","type":"product","link":"https:\/\/rumblefishvietnam.com\/vi\/san-pham\/padi-advanced-mermaid\/","title":{"rendered":"L\u1eb7n ti\u00ean c\u00e1 n\u00e2ng cao"},"content":{"rendered":"<p>Trong kho\u00e1 h\u1ecdc l\u1eb7n ti\u00ean c\u00e1 n\u00e2ng cao, b\u1ea1n s\u1ebd \u00e1p d\u1ee5ng c\u00e1c k\u1ef9 n\u0103ng ti\u00ean c\u00e1 s\u01a1 c\u1ea5p v\u00e0o m\u00f4i tr\u01b0\u1eddng bi\u1ec3n. B\u1ea1n s\u1ebd h\u1ecdc nh\u1eefng \u0111i\u1ec1u c\u01a1 b\u1ea3n v\u1ec1 s\u1ef1 kh\u00e1c bi\u1ec7t gi\u1eefa m\u1ed7i tr\u01b0\u1eddng h\u1ed3 b\u01a1i v\u00e0 n\u01b0\u1edbc bi\u1ec3n nh\u01b0 th\u1ebf n\u00e0o (r\u1ed9ng h\u01a1n, s\u00e2u h\u01a1n, \u0111i\u1ec1u ki\u1ec7n bi\u1ebfn \u0111\u1ed9ng h\u01a1n) v\u00e0 th\u1ef1c h\u00e0nh c\u00e1c k\u1ef9 thu\u1eadt l\u1eb7n ti\u00ean c\u00e1 \u1edf bi\u1ec3n. B\u1ea1n c\u0169ng s\u1ebd h\u1ecdc v\u1ec1 sinh th\u00e1i bi\u1ec3n - c\u00f3 g\u00ec, \u1ea3nh h\u01b0\u1edfng t\u1edbi b\u1ea1n ra sao v\u00e0 l\u00e0m th\u1ebf n\u00e0o \u0111\u1ec3 tr\u00e1nh b\u1ecb th\u01b0\u01a1ng.<\/p>\n<p>Th\u1ec3 tham gia kho\u00e1 h\u1ecdc n\u00e2ng cao, b\u1ea1n c\u1ea7n \u00edt nh\u1ea5t 12 tu\u1ed5i v\u00e0 c\u00f3 b\u1eb1ng ti\u00ean c\u00e1 s\u01a1 c\u1ea5p. B\u1ea1n c\u1ea7n bi\u1ebft b\u01a1i \u00edt nh\u1ea5t 100m, n\u1ed5i tr\u00ean n\u01b0\u1edbc tho\u1ea3i m\u00e1i trong 10 ph\u00fat v\u00e0 c\u00f3 s\u1ee9c kho\u1ebb t\u1ed1t<\/p>","protected":false},"excerpt":{"rendered":"<p>Elevate your mermaiding experience in open water, while refining and improving your mermaid diving skills.<\/p>","protected":false},"featured_media":2655,"comment_status":"open","ping_status":"closed","template":"","meta":[],"product_brand":[],"product_cat":[32,75,79,82,55,56],"product_tag":[61,59],"class_list":{"0":"post-2452","1":"product","2":"type-product","3":"status-publish","4":"has-post-thumbnail","6":"product_cat-all-tours-trips","7":"product_cat-continue-learning","8":"product_cat-ho-chi-minh","9":"product_cat-mermaid","10":"product_cat-nha-trang","11":"product_cat-padi-courses","12":"product_tag-2-days","13":"product_tag-beginners","15":"first","16":"instock","17":"shipping-taxable","18":"purchasable","19":"product-type-simple"},"_links":{"self":[{"href":"https:\/\/rumblefishvietnam.com\/vi\/wp-json\/wp\/v2\/product\/2452","targetHints":{"allow":["GET"]}}],"collection":[{"href":"https:\/\/rumblefishvietnam.com\/vi\/wp-json\/wp\/v2\/product"}],"about":[{"href":"https:\/\/rumblefishvietnam.com\/vi\/wp-json\/wp\/v2\/types\/product"}],"replies":[{"embeddable":true,"href":"https:\/\/rumblefishvietnam.com\/vi\/wp-json\/wp\/v2\/comments?post=2452"}],"wp:featuredmedia":[{"embeddable":true,"href":"https:\/\/rumblefishvietnam.com\/vi\/wp-json\/wp\/v2\/media\/2655"}],"wp:attachment":[{"href":"https:\/\/rumblefishvietnam.com\/vi\/wp-json\/wp\/v2\/media?parent=2452"}],"wp:term":[{"taxonomy":"product_brand","embeddable":true,"href":"https:\/\/rumblefishvietnam.com\/vi\/wp-json\/wp\/v2\/product_brand?post=2452"},{"taxonomy":"product_cat","embeddable":true,"href":"https:\/\/rumblefishvietnam.com\/vi\/wp-json\/wp\/v2\/product_cat?post=2452"},{"taxonomy":"product_tag","embeddable":true,"href":"https:\/\/rumblefishvietnam.com\/vi\/wp-json\/wp\/v2\/product_tag?post=2452"}],"curies":[{"name":"wp","href":"https:\/\/api.w.org\/{rel}","templated":true}]}}